{"id":2,"date":"2023-03-02T16:44:00","date_gmt":"2023-03-02T16:44:00","guid":{"rendered":"https:\/\/juananicolas.com\/shop\/?page_id=2"},"modified":"2024-07-12T16:52:03","modified_gmt":"2024-07-12T16:52:03","slug":"pagina-ejemplo","status":"publish","type":"page","link":"https:\/\/juananicolas.com\/shop\/pagina-ejemplo\/","title":{"rendered":"Condiciones de compra"},"content":{"rendered":"<p>Las condiciones de compra de Juana Nicol\u00e1s Shop:<\/p><blockquote class=\"wp-block-quote is-layout-flow wp-block-quote-is-layout-flow\"><p><strong>ENV\u00cdO Y DEVOLUCIONES<\/strong><\/p>\n\n<p>Condiciones de env\u00edo<\/p>\n\n<p>El plazo de entrega de los productos son de de 10 a 20 d\u00edas naturales desde el momento de la compra.<\/p>\n\n<p>Nuestras piezas est\u00e1n hechas una a una, intentamos tener poco stock para optimizar el uso de los recursos.<br>Empezamos a hacer tu encargo, cuando lo encargas, en unos d\u00edas lo recibir\u00e1s.<br>Si es urgente, por favor comun\u00edcanoslo e intentamos tardar lo menos posible.<\/p>\n\n<p>Para&nbsp;Espa\u00f1a Peninsular y Portugal, el env\u00edo est\u00e1ndar ser\u00e1 de&nbsp;8\u20ac&nbsp;y gratuito a partir de&nbsp;200\u20ac.<\/p>\n\n<p>COMO SON ENCARGOS A MEDIDA o personalizados no se permiten devoluciones.<\/p>\n\n<p><strong>Producto defectuoso o err\u00f3neo<\/strong><\/p>\n\n<p>En el caso de que el producto sea defectuoso o haya alg\u00fan error en el pedido la empresa se har\u00e1 cargo de la sustituci\u00f3n sin cargo para el cliente.<\/p><\/blockquote>","protected":false},"excerpt":{"rendered":"<p>Las condiciones de compra de Juana Nicol\u00e1s Shop: ENV\u00cdO Y DEVOLUCIONES Condiciones de env\u00edo El plazo de entrega de los productos son de de 10 a 20 d\u00edas naturales desde el momento de la compra. Nuestras piezas est\u00e1n hechas una a una, intentamos tener poco stock para optimizar el uso de los recursos.Empezamos a hacer [&hellip;]<\/p>\n","protected":false},"author":1,"featured_media":0,"parent":0,"menu_order":0,"comment_status":"closed","ping_status":"open","template":"","meta":{"ocean_post_layout":"","ocean_both_sidebars_style":"","ocean_both_sidebars_content_width":0,"ocean_both_sidebars_sidebars_width":0,"ocean_sidebar":"","ocean_second_sidebar":"","ocean_disable_margins":"enable","ocean_add_body_class":"","ocean_shortcode_before_top_bar":"","ocean_shortcode_after_top_bar":"","ocean_shortcode_before_header":"","ocean_shortcode_after_header":"","ocean_has_shortcode":"","ocean_shortcode_after_title":"","ocean_shortcode_before_footer_widgets":"","ocean_shortcode_after_footer_widgets":"","ocean_shortcode_before_footer_bottom":"","ocean_shortcode_after_footer_bottom":"","ocean_display_top_bar":"default","ocean_display_header":"default","ocean_header_style":"","ocean_center_header_left_menu":"","ocean_custom_header_template":"","ocean_custom_logo":0,"ocean_custom_retina_logo":0,"ocean_custom_logo_max_width":0,"ocean_custom_logo_tablet_max_width":0,"ocean_custom_logo_mobile_max_width":0,"ocean_custom_logo_max_height":0,"ocean_custom_logo_tablet_max_height":0,"ocean_custom_logo_mobile_max_height":0,"ocean_header_custom_menu":"","ocean_menu_typo_font_family":"","ocean_menu_typo_font_subset":"","ocean_menu_typo_font_size":0,"ocean_menu_typo_font_size_tablet":0,"ocean_menu_typo_font_size_mobile":0,"ocean_menu_typo_font_size_unit":"px","ocean_menu_typo_font_weight":"","ocean_menu_typo_font_weight_tablet":"","ocean_menu_typo_font_weight_mobile":"","ocean_menu_typo_transform":"","ocean_menu_typo_transform_tablet":"","ocean_menu_typo_transform_mobile":"","ocean_menu_typo_line_height":0,"ocean_menu_typo_line_height_tablet":0,"ocean_menu_typo_line_height_mobile":0,"ocean_menu_typo_line_height_unit":"","ocean_menu_typo_spacing":0,"ocean_menu_typo_spacing_tablet":0,"ocean_menu_typo_spacing_mobile":0,"ocean_menu_typo_spacing_unit":"","ocean_menu_link_color":"","ocean_menu_link_color_hover":"","ocean_menu_link_color_active":"","ocean_menu_link_background":"","ocean_menu_link_hover_background":"","ocean_menu_link_active_background":"","ocean_menu_social_links_bg":"","ocean_menu_social_hover_links_bg":"","ocean_menu_social_links_color":"","ocean_menu_social_hover_links_color":"","ocean_disable_title":"default","ocean_disable_heading":"default","ocean_post_title":"","ocean_post_subheading":"","ocean_post_title_style":"","ocean_post_title_background_color":"","ocean_post_title_background":0,"ocean_post_title_bg_image_position":"","ocean_post_title_bg_image_attachment":"","ocean_post_title_bg_image_repeat":"","ocean_post_title_bg_image_size":"","ocean_post_title_height":0,"ocean_post_title_bg_overlay":0.5,"ocean_post_title_bg_overlay_color":"","ocean_disable_breadcrumbs":"default","ocean_breadcrumbs_color":"","ocean_breadcrumbs_separator_color":"","ocean_breadcrumbs_links_color":"","ocean_breadcrumbs_links_hover_color":"","ocean_display_footer_widgets":"default","ocean_display_footer_bottom":"default","ocean_custom_footer_template":"","footnotes":""},"class_list":["post-2","page","type-page","status-publish","hentry","entry","owp-thumbs-layout-horizontal","owp-btn-normal","owp-tabs-layout-horizontal","has-no-thumbnails","has-product-nav"],"jetpack_sharing_enabled":true,"_links":{"self":[{"href":"https:\/\/juananicolas.com\/shop\/wp-json\/wp\/v2\/pages\/2","targetHints":{"allow":["GET"]}}],"collection":[{"href":"https:\/\/juananicolas.com\/shop\/wp-json\/wp\/v2\/pages"}],"about":[{"href":"https:\/\/juananicolas.com\/shop\/wp-json\/wp\/v2\/types\/page"}],"author":[{"embeddable":true,"href":"https:\/\/juananicolas.com\/shop\/wp-json\/wp\/v2\/users\/1"}],"replies":[{"embeddable":true,"href":"https:\/\/juananicolas.com\/shop\/wp-json\/wp\/v2\/comments?post=2"}],"version-history":[{"count":4,"href":"https:\/\/juananicolas.com\/shop\/wp-json\/wp\/v2\/pages\/2\/revisions"}],"predecessor-version":[{"id":159,"href":"https:\/\/juananicolas.com\/shop\/wp-json\/wp\/v2\/pages\/2\/revisions\/159"}],"wp:attachment":[{"href":"https:\/\/juananicolas.com\/shop\/wp-json\/wp\/v2\/media?parent=2"}],"curies":[{"name":"wp","href":"https:\/\/api.w.org\/{rel}","templated":true}]}}